{"id":9931,"date":"2024-04-25T00:27:03","date_gmt":"2024-04-25T00:27:03","guid":{"rendered":"https:\/\/willa.pixandhue-demos.com\/?page_id=9931"},"modified":"2025-07-30T10:48:37","modified_gmt":"2025-07-30T08:48:37","slug":"contact","status":"publish","type":"page","link":"https:\/\/laurencedelory.com\/index.php\/contact\/","title":{"rendered":"Contact"},"content":{"rendered":"\t\t<div data-elementor-type=\"wp-page\" data-elementor-id=\"9931\" class=\"elementor elementor-9931\" data-elementor-post-type=\"page\">\n\t\t\t\t<div class=\"elementor-element elementor-element-2356bd7 e-con-full e-flex e-con e-parent\" data-id=\"2356bd7\" data-element_type=\"container\">\n\t\t<div class=\"elementor-element elementor-element-b4d1c18 e-con-full e-flex e-con e-child\" data-id=\"b4d1c18\" data-element_type=\"container\" data-settings=\"{&quot;background_background&quot;:&quot;classic&quot;}\">\n\t\t\t\t<\/div>\n\t\t<div class=\"elementor-element elementor-element-ef303ec e-con-full willa-contact-form-column e-flex e-con e-child\" data-id=\"ef303ec\" data-element_type=\"container\" data-settings=\"{&quot;background_background&quot;:&quot;classic&quot;}\">\n\t\t\t\t<div class=\"elementor-element elementor-element-c314c78 willa-standard-title elementor-widget elementor-widget-heading\" data-id=\"c314c78\" data-element_type=\"widget\" data-widget_type=\"heading.default\">\n\t\t\t\t<div class=\"elementor-widget-container\">\n\t\t\t\t\t<h2 class=\"elementor-heading-title elementor-size-default\">Mon travail vous int\u00e9resse ?<\/h2>\t\t\t\t<\/div>\n\t\t\t\t<\/div>\n\t\t\t\t<div class=\"elementor-element elementor-element-c20fed8 willa-no-bottom-p elementor-widget elementor-widget-text-editor\" data-id=\"c20fed8\" data-element_type=\"widget\" data-widget_type=\"text-editor.default\">\n\t\t\t\t<div class=\"elementor-widget-container\">\n\t\t\t\t\t\t\t\t\t<p>N&#8217;h\u00e9sitez pas \u00e0 me contacter pour exposer votre projet, je m&#8217;engage \u00e0 vous r\u00e9pondre rapidement.<\/p><p>A bient\u00f4t !<\/p>\t\t\t\t\t\t\t\t<\/div>\n\t\t\t\t<\/div>\n\t\t\t\t<div class=\"elementor-element elementor-element-9ba44af elementor-button-align-stretch elementor-widget elementor-widget-form\" data-id=\"9ba44af\" data-element_type=\"widget\" data-settings=\"{&quot;button_width&quot;:&quot;80&quot;,&quot;step_next_label&quot;:&quot;Next&quot;,&quot;step_previous_label&quot;:&quot;Previous&quot;,&quot;step_type&quot;:&quot;number_text&quot;,&quot;step_icon_shape&quot;:&quot;circle&quot;}\" data-widget_type=\"form.default\">\n\t\t\t\t<div class=\"elementor-widget-container\">\n\t\t\t\t\t\t\t<form class=\"elementor-form\" method=\"post\" name=\"Formulaire de contact\" aria-label=\"Formulaire de contact\">\n\t\t\t<input type=\"hidden\" name=\"post_id\" value=\"9931\"\/>\n\t\t\t<input type=\"hidden\" name=\"form_id\" value=\"9ba44af\"\/>\n\t\t\t<input type=\"hidden\" name=\"referer_title\" value=\"Laurence Delory\" \/>\n\n\t\t\t\t\t\t\t<input type=\"hidden\" name=\"queried_id\" value=\"9931\"\/>\n\t\t\t\n\t\t\t<div class=\"elementor-form-fields-wrapper elementor-labels-\">\n\t\t\t\t\t\t\t\t<div class=\"elementor-field-type-text elementor-field-group elementor-column elementor-field-group-name elementor-col-80 elementor-field-required\">\n\t\t\t\t\t\t\t\t\t\t\t\t<label for=\"form-field-name\" class=\"elementor-field-label elementor-screen-only\">\n\t\t\t\t\t\t\t\tNom*\t\t\t\t\t\t\t<\/label>\n\t\t\t\t\t\t\t\t\t\t\t\t\t\t<input size=\"1\" type=\"text\" name=\"form_fields[name]\" id=\"form-field-name\" class=\"elementor-field elementor-size-md  elementor-field-textual\" placeholder=\"Nom*\" required=\"required\">\n\t\t\t\t\t\t\t\t\t\t\t<\/div>\n\t\t\t\t\t\t\t\t<div class=\"elementor-field-type-text elementor-field-group elementor-column elementor-field-group-firstname elementor-col-80 elementor-field-required\">\n\t\t\t\t\t\t\t\t\t\t\t\t<label for=\"form-field-firstname\" class=\"elementor-field-label elementor-screen-only\">\n\t\t\t\t\t\t\t\tPr\u00e9nom*\t\t\t\t\t\t\t<\/label>\n\t\t\t\t\t\t\t\t\t\t\t\t\t\t<input size=\"1\" type=\"text\" name=\"form_fields[firstname]\" id=\"form-field-firstname\" class=\"elementor-field elementor-size-md  elementor-field-textual\" placeholder=\"Pr\u00e9nom*\" required=\"required\">\n\t\t\t\t\t\t\t\t\t\t\t<\/div>\n\t\t\t\t\t\t\t\t<div class=\"elementor-field-type-email elementor-field-group elementor-column elementor-field-group-email elementor-col-80 elementor-field-required\">\n\t\t\t\t\t\t\t\t\t\t\t\t<label for=\"form-field-email\" class=\"elementor-field-label elementor-screen-only\">\n\t\t\t\t\t\t\t\tEmail*\t\t\t\t\t\t\t<\/label>\n\t\t\t\t\t\t\t\t\t\t\t\t\t\t<input size=\"1\" type=\"email\" name=\"form_fields[email]\" id=\"form-field-email\" class=\"elementor-field elementor-size-md  elementor-field-textual\" placeholder=\"Email*\" required=\"required\">\n\t\t\t\t\t\t\t\t\t\t\t<\/div>\n\t\t\t\t\t\t\t\t<div class=\"elementor-field-type-text elementor-field-group elementor-column elementor-field-group-subject elementor-col-80 elementor-field-required\">\n\t\t\t\t\t\t\t\t\t\t\t\t<label for=\"form-field-subject\" class=\"elementor-field-label elementor-screen-only\">\n\t\t\t\t\t\t\t\tObjet*\t\t\t\t\t\t\t<\/label>\n\t\t\t\t\t\t\t\t\t\t\t\t\t\t<input size=\"1\" type=\"text\" name=\"form_fields[subject]\" id=\"form-field-subject\" class=\"elementor-field elementor-size-md  elementor-field-textual\" placeholder=\"Objet*\" required=\"required\">\n\t\t\t\t\t\t\t\t\t\t\t<\/div>\n\t\t\t\t\t\t\t\t<div class=\"elementor-field-type-textarea elementor-field-group elementor-column elementor-field-group-message elementor-col-80 elementor-field-required\">\n\t\t\t\t\t\t\t\t\t\t\t\t<label for=\"form-field-message\" class=\"elementor-field-label elementor-screen-only\">\n\t\t\t\t\t\t\t\tMessage*\t\t\t\t\t\t\t<\/label>\n\t\t\t\t\t\t<textarea class=\"elementor-field-textual elementor-field  elementor-size-md\" name=\"form_fields[message]\" id=\"form-field-message\" rows=\"6\" placeholder=\"Message*\" required=\"required\"><\/textarea>\t\t\t\t<\/div>\n\t\t\t\t\t\t\t\t<div class=\"elementor-field-group elementor-column elementor-field-type-submit elementor-col-80 e-form__buttons\">\n\t\t\t\t\t<button class=\"elementor-button elementor-size-sm\" type=\"submit\">\n\t\t\t\t\t\t<span class=\"elementor-button-content-wrapper\">\n\t\t\t\t\t\t\t\t\t\t\t\t\t\t\t\t\t\t\t\t\t\t<span class=\"elementor-button-text\">Envoyer<\/span>\n\t\t\t\t\t\t\t\t\t\t\t\t\t<\/span>\n\t\t\t\t\t<\/button>\n\t\t\t\t<\/div>\n\t\t\t<\/div>\n\t\t<\/form>\n\t\t\t\t\t\t<\/div>\n\t\t\t\t<\/div>\n\t\t\t\t<\/div>\n\t\t\t\t<\/div>\n\t\t\t\t<\/div>\n\t\t","protected":false},"excerpt":{"rendered":"<p>Mon travail vous int\u00e9resse ? N&#8217;h\u00e9sitez pas \u00e0 me contacter pour exposer votre projet, je m&#8217;engage \u00e0 vous r\u00e9pondre rapidement. A bient\u00f4t !<\/p>\n","protected":false},"author":1,"featured_media":0,"parent":0,"menu_order":0,"comment_status":"closed","ping_status":"closed","template":"elementor_header_footer","meta":{"footnotes":""},"categories":[],"class_list":["post-9931","page","type-page","status-publish","hentry"],"yoast_head":"<!-- This site is optimized with the Yoast SEO plugin v25.6 - https:\/\/yoast.com\/wordpress\/plugins\/seo\/ -->\n<title>Laurence Delory<\/title>\n<meta name=\"robots\" content=\"index, follow, max-snippet:-1, max-image-preview:large, max-video-preview:-1\" \/>\n<link rel=\"canonical\" href=\"https:\/\/laurencedelory.com\/index.php\/contact\/\" \/>\n<meta property=\"og:locale\" content=\"en_US\" \/>\n<meta property=\"og:type\" content=\"article\" \/>\n<meta property=\"og:title\" content=\"Laurence Delory\" \/>\n<meta property=\"og:description\" content=\"Mon travail vous int\u00e9resse ? N&#8217;h\u00e9sitez pas \u00e0 me contacter pour exposer votre projet, je m&#8217;engage \u00e0 vous r\u00e9pondre rapidement. A bient\u00f4t !\" \/>\n<meta property=\"og:url\" content=\"https:\/\/laurencedelory.com\/index.php\/contact\/\" \/>\n<meta property=\"og:site_name\" content=\"Laurence Delory\" \/>\n<meta property=\"article:modified_time\" content=\"2025-07-30T08:48:37+00:00\" \/>\n<meta property=\"og:image\" content=\"https:\/\/laurencedelory.com\/wp-content\/uploads\/2025\/03\/Laurence-Delory_Coupe-de-fraises.jpg\" \/>\n\t<meta property=\"og:image:width\" content=\"850\" \/>\n\t<meta property=\"og:image:height\" content=\"1105\" \/>\n\t<meta property=\"og:image:type\" content=\"image\/jpeg\" \/>\n<meta name=\"twitter:card\" content=\"summary_large_image\" \/>\n<meta name=\"twitter:label1\" content=\"Est. reading time\" \/>\n\t<meta name=\"twitter:data1\" content=\"1 minute\" \/>\n<script type=\"application\/ld+json\" class=\"yoast-schema-graph\">{\"@context\":\"https:\/\/schema.org\",\"@graph\":[{\"@type\":\"WebPage\",\"@id\":\"https:\/\/laurencedelory.com\/index.php\/contact\/\",\"url\":\"https:\/\/laurencedelory.com\/index.php\/contact\/\",\"name\":\"Laurence Delory\",\"isPartOf\":{\"@id\":\"https:\/\/laurencedelory.com\/#website\"},\"datePublished\":\"2024-04-25T00:27:03+00:00\",\"dateModified\":\"2025-07-30T08:48:37+00:00\",\"breadcrumb\":{\"@id\":\"https:\/\/laurencedelory.com\/index.php\/contact\/#breadcrumb\"},\"inLanguage\":\"en-US\",\"potentialAction\":[{\"@type\":\"ReadAction\",\"target\":[\"https:\/\/laurencedelory.com\/index.php\/contact\/\"]}]},{\"@type\":\"BreadcrumbList\",\"@id\":\"https:\/\/laurencedelory.com\/index.php\/contact\/#breadcrumb\",\"itemListElement\":[{\"@type\":\"ListItem\",\"position\":1,\"name\":\"Accueil\",\"item\":\"https:\/\/laurencedelory.com\/\"},{\"@type\":\"ListItem\",\"position\":2,\"name\":\"Contact\"}]},{\"@type\":\"WebSite\",\"@id\":\"https:\/\/laurencedelory.com\/#website\",\"url\":\"https:\/\/laurencedelory.com\/\",\"name\":\"Laurence Delory\",\"description\":\"Illustratrice culinaire et beaut\u00e9\",\"publisher\":{\"@id\":\"https:\/\/laurencedelory.com\/#\/schema\/person\/a94cc9b27970cf9db4fb24ba4210cc69\"},\"potentialAction\":[{\"@type\":\"SearchAction\",\"target\":{\"@type\":\"EntryPoint\",\"urlTemplate\":\"https:\/\/laurencedelory.com\/?s={search_term_string}\"},\"query-input\":{\"@type\":\"PropertyValueSpecification\",\"valueRequired\":true,\"valueName\":\"search_term_string\"}}],\"inLanguage\":\"en-US\"},{\"@type\":[\"Person\",\"Organization\"],\"@id\":\"https:\/\/laurencedelory.com\/#\/schema\/person\/a94cc9b27970cf9db4fb24ba4210cc69\",\"name\":\"Laurence Delory\",\"image\":{\"@type\":\"ImageObject\",\"inLanguage\":\"en-US\",\"@id\":\"https:\/\/laurencedelory.com\/#\/schema\/person\/image\/\",\"url\":\"http:\/\/laurencedelory.com\/wp-content\/uploads\/2025\/01\/Fraise-au-chocolat.jpg\",\"contentUrl\":\"http:\/\/laurencedelory.com\/wp-content\/uploads\/2025\/01\/Fraise-au-chocolat.jpg\",\"width\":512,\"height\":512,\"caption\":\"Laurence Delory\"},\"logo\":{\"@id\":\"https:\/\/laurencedelory.com\/#\/schema\/person\/image\/\"},\"sameAs\":[\"https:\/\/laurencedelory.com\",\"https:\/\/www.instagram.com\/lodely.illustration\/\",\"https:\/\/www.linkedin.com\/in\/laurence-delory-b0b22b31a\/\"]}]}<\/script>\n<!-- \/ Yoast SEO plugin. -->","yoast_head_json":{"title":"Laurence Delory","robots":{"index":"index","follow":"follow","max-snippet":"max-snippet:-1","max-image-preview":"max-image-preview:large","max-video-preview":"max-video-preview:-1"},"canonical":"https:\/\/laurencedelory.com\/index.php\/contact\/","og_locale":"en_US","og_type":"article","og_title":"Laurence Delory","og_description":"Mon travail vous int\u00e9resse ? N&#8217;h\u00e9sitez pas \u00e0 me contacter pour exposer votre projet, je m&#8217;engage \u00e0 vous r\u00e9pondre rapidement. A bient\u00f4t !","og_url":"https:\/\/laurencedelory.com\/index.php\/contact\/","og_site_name":"Laurence Delory","article_modified_time":"2025-07-30T08:48:37+00:00","og_image":[{"width":850,"height":1105,"url":"https:\/\/laurencedelory.com\/wp-content\/uploads\/2025\/03\/Laurence-Delory_Coupe-de-fraises.jpg","type":"image\/jpeg"}],"twitter_card":"summary_large_image","twitter_misc":{"Est. reading time":"1 minute"},"schema":{"@context":"https:\/\/schema.org","@graph":[{"@type":"WebPage","@id":"https:\/\/laurencedelory.com\/index.php\/contact\/","url":"https:\/\/laurencedelory.com\/index.php\/contact\/","name":"Laurence Delory","isPartOf":{"@id":"https:\/\/laurencedelory.com\/#website"},"datePublished":"2024-04-25T00:27:03+00:00","dateModified":"2025-07-30T08:48:37+00:00","breadcrumb":{"@id":"https:\/\/laurencedelory.com\/index.php\/contact\/#breadcrumb"},"inLanguage":"en-US","potentialAction":[{"@type":"ReadAction","target":["https:\/\/laurencedelory.com\/index.php\/contact\/"]}]},{"@type":"BreadcrumbList","@id":"https:\/\/laurencedelory.com\/index.php\/contact\/#breadcrumb","itemListElement":[{"@type":"ListItem","position":1,"name":"Accueil","item":"https:\/\/laurencedelory.com\/"},{"@type":"ListItem","position":2,"name":"Contact"}]},{"@type":"WebSite","@id":"https:\/\/laurencedelory.com\/#website","url":"https:\/\/laurencedelory.com\/","name":"Laurence Delory","description":"Illustratrice culinaire et beaut\u00e9","publisher":{"@id":"https:\/\/laurencedelory.com\/#\/schema\/person\/a94cc9b27970cf9db4fb24ba4210cc69"},"potentialAction":[{"@type":"SearchAction","target":{"@type":"EntryPoint","urlTemplate":"https:\/\/laurencedelory.com\/?s={search_term_string}"},"query-input":{"@type":"PropertyValueSpecification","valueRequired":true,"valueName":"search_term_string"}}],"inLanguage":"en-US"},{"@type":["Person","Organization"],"@id":"https:\/\/laurencedelory.com\/#\/schema\/person\/a94cc9b27970cf9db4fb24ba4210cc69","name":"Laurence Delory","image":{"@type":"ImageObject","inLanguage":"en-US","@id":"https:\/\/laurencedelory.com\/#\/schema\/person\/image\/","url":"http:\/\/laurencedelory.com\/wp-content\/uploads\/2025\/01\/Fraise-au-chocolat.jpg","contentUrl":"http:\/\/laurencedelory.com\/wp-content\/uploads\/2025\/01\/Fraise-au-chocolat.jpg","width":512,"height":512,"caption":"Laurence Delory"},"logo":{"@id":"https:\/\/laurencedelory.com\/#\/schema\/person\/image\/"},"sameAs":["https:\/\/laurencedelory.com","https:\/\/www.instagram.com\/lodely.illustration\/","https:\/\/www.linkedin.com\/in\/laurence-delory-b0b22b31a\/"]}]}},"_links":{"self":[{"href":"https:\/\/laurencedelory.com\/index.php\/wp-json\/wp\/v2\/pages\/9931","targetHints":{"allow":["GET"]}}],"collection":[{"href":"https:\/\/laurencedelory.com\/index.php\/wp-json\/wp\/v2\/pages"}],"about":[{"href":"https:\/\/laurencedelory.com\/index.php\/wp-json\/wp\/v2\/types\/page"}],"author":[{"embeddable":true,"href":"https:\/\/laurencedelory.com\/index.php\/wp-json\/wp\/v2\/users\/1"}],"replies":[{"embeddable":true,"href":"https:\/\/laurencedelory.com\/index.php\/wp-json\/wp\/v2\/comments?post=9931"}],"version-history":[{"count":34,"href":"https:\/\/laurencedelory.com\/index.php\/wp-json\/wp\/v2\/pages\/9931\/revisions"}],"predecessor-version":[{"id":12001,"href":"https:\/\/laurencedelory.com\/index.php\/wp-json\/wp\/v2\/pages\/9931\/revisions\/12001"}],"wp:attachment":[{"href":"https:\/\/laurencedelory.com\/index.php\/wp-json\/wp\/v2\/media?parent=9931"}],"wp:term":[{"taxonomy":"category","embeddable":true,"href":"https:\/\/laurencedelory.com\/index.php\/wp-json\/wp\/v2\/categories?post=9931"}],"curies":[{"name":"wp","href":"https:\/\/api.w.org\/{rel}","templated":true}]}}